
{"id":13877,"date":"2024-10-14T04:06:09","date_gmt":"2024-10-14T04:06:09","guid":{"rendered":"https:\/\/minhphu.com\/?page_id=13877"},"modified":"2024-10-14T04:13:05","modified_gmt":"2024-10-14T04:13:05","slug":"umami","status":"publish","type":"page","link":"https:\/\/minhphu.com\/ja\/thuong-hieu\/umami\/","title":{"rendered":"Th\u01b0\u01a1ng hi\u1ec7u UMAMI"},"content":{"rendered":"<div data-elementor-type=\"wp-page\" data-elementor-id=\"13877\" class=\"elementor elementor-13877\" data-elementor-post-type=\"page\">\n\t\t\t\t<div class=\"position-relative\">\n\t\t\t\t\t\t\t<div class=\"position-absolute jarallax\" data-jarallax>\n\t\t\t\t\t\t\t\n\t\t\t\t\t\t\t\t\n\t\t\t\t<div class=\"jarallax-img\" style=\"background-image: url(https:\/\/minhphu.com\/wp-content\/uploads\/2024\/05\/bg.jpg);\"><\/div>\n\n\t\t\t\t\t\t\t\t<\/div><!-- \/.jarallax -->\n\t\t\t\t\t\t<section class=\"elementor-section elementor-top-section elementor-element elementor-element-f8d1dc6 elementor-section-full_width jarallax elementor-hidden-desktop elementor-hidden-tablet elementor-hidden-mobile elementor-section-height-default elementor-section-height-default\" data-id=\"f8d1dc6\" data-element_type=\"section\" data-settings=\"{&quot;background_background&quot;:&quot;classic&quot;}\" data-jarallax=\"\" data-speed=\"0.4\">\n\t\t\t\t\t\t<div class=\"elementor-container elementor-column-gap-default container\">\n\t\t\t\t\t<div class=\"elementor-column elementor-col-100 elementor-top-column elementor-element elementor-element-cd42abc\" data-id=\"cd42abc\" data-element_type=\"column\">\n\t\t\t<div class=\"p-0 elementor-widget-wrap elementor-element-populated\">\n\t\t\t\t\t\t<div class=\"elementor-section elementor-inner-section elementor-element elementor-element-3855c61 elementor-section-full_width elementor-section-height-default elementor-section-height-default\" data-id=\"3855c61\" data-element_type=\"section\">\n\t\t\t\t\t\t<div class=\"elementor-container elementor-column-gap-default row row-margin\">\n\t\t\t\t\t<div class=\"elementor-column elementor-col-100 elementor-inner-column elementor-element elementor-element-3f4cd19 col-md-12 col-sm-12\" data-id=\"3f4cd19\" data-element_type=\"column\">\n\t\t\t<div class=\"p-0 d-flex flex-column elementor-widget-wrap elementor-element-populated\">\n\t\t\t\t\t\t<div class=\"elementor-element elementor-element-568b60a elementor-widget elementor-widget-highlighted-heading\" data-id=\"568b60a\" data-element_type=\"widget\" data-widget_type=\"highlighted-heading.default\">\n\t\t\t\t<div class=\"elementor-widget-container\">\n\t\t\t<h1 class=\"minhphu-elementor-highlighted-heading__title text-center fw-medium mb-0 h2\"><span class=\"si-multipurpose-text__before\">\u5546\u54c1\u30d6\u30e9\u30f3\u30c9<\/span><\/h1>\t\t<\/div>\n\t\t\t\t<\/div>\n\t\t\t\t\t<\/div>\n\t\t<\/div>\n\t\t\t\t\t<\/div>\n\t\t<\/div>\n\t\t\t\t\t<\/div>\n\t\t<\/div>\n\t\t\t\t\t<\/div>\n\t\t<\/section>\n\t\t\t\t\t<\/div><!-- \/.custom-wrap -->\n\t\t\t\t\t<section class=\"elementor-section elementor-top-section elementor-element elementor-element-2a3280d elementor-section-full_width elementor-section-height-default elementor-section-height-default\" data-id=\"2a3280d\" data-element_type=\"section\">\n\t\t\t\t\t\t<div class=\"elementor-container elementor-column-gap-default  container\">\n\t\t\t\t\t<div class=\"elementor-column elementor-col-100 elementor-top-column elementor-element elementor-element-3fb4111\" data-id=\"3fb4111\" data-element_type=\"column\">\n\t\t\t<div class=\"elementor-widget-wrap elementor-element-populated\">\n\t\t\t\t\t\t<div class=\"elementor-element elementor-element-4beb7eb elementor-widget elementor-widget-template\" data-id=\"4beb7eb\" data-element_type=\"widget\" data-widget_type=\"template.default\">\n\t\t\t\t<div class=\"elementor-widget-container\">\n\t\t\t\t\t<div class=\"elementor-template\">\n\t\t\t\t\t<div data-elementor-type=\"section\" data-elementor-id=\"7657\" class=\"elementor elementor-7657\" data-elementor-post-type=\"elementor_library\">\n\t\t\t\t\t<section class=\"elementor-section elementor-top-section elementor-element elementor-element-6c7ca3af elementor-section-full_width elementor-section-height-default elementor-section-height-default\" data-id=\"6c7ca3af\" data-element_type=\"section\" data-settings=\"{&quot;background_background&quot;:&quot;classic&quot;}\">\n\t\t\t\t\t\t<div class=\"elementor-container elementor-column-gap-default container p-0\">\n\t\t\t\t\t<div class=\"elementor-column elementor-col-100 elementor-top-column elementor-element elementor-element-72d2d501\" data-id=\"72d2d501\" data-element_type=\"column\">\n\t\t\t<div class=\"p-0 elementor-widget-wrap elementor-element-populated\">\n\t\t\t\t\t\t<div class=\"elementor-element elementor-element-fafea32 elementor-widget__width-auto elementor-absolute elementor-widget elementor-widget-button\" data-id=\"fafea32\" data-element_type=\"widget\" id=\"button123\" data-settings=\"{&quot;_position&quot;:&quot;absolute&quot;}\" data-widget_type=\"button.button-minhphu\">\n\t\t\t\t<div class=\"elementor-widget-container\">\n\t\t\t\t\t<a id=\"prev-brands\" class=\"minhphu-button btn btn-link rounded-pill p-0\" role=\"button\">\n\t\t\t<span class=\"elementor-button-content-wrapper\">\n\t\t\t\t\t\t<span class=\"elementor-button-icon lh-1 elementor-align-icon-left order-first\">\n\t\t\t\t\t<i aria-hidden=\"true\" class=\"sn-button-icon  bx  bx-chevron-left\"><\/i>\t\t\t\t<\/span>\n\t\t\t\t\t\t\t\t\t\t<span class=\"elementor-button-text minhphu-button-text order-last\">1<\/span>\n\t\t\t\t\t\t<\/span>\n\t\t\t\t<\/a>\n\t\t\t\t<\/div>\n\t\t\t\t<\/div>\n\t\t\t\t<div class=\"elementor-element elementor-element-515caeb elementor-widget elementor-widget-sn-brand-carousel\" data-id=\"515caeb\" data-element_type=\"widget\" data-settings=\"{&quot;effect&quot;:&quot;slide&quot;,&quot;speed&quot;:500,&quot;loop&quot;:&quot;yes&quot;}\" data-widget_type=\"sn-brand-carousel.brand-carousel\">\n\t\t\t\t<div class=\"elementor-widget-container\">\n\t\t\t\t\t\n\t\t  \n\t\t  \t\t\n\t\t\t\t\t<div data-swiper-options=\"{&quot;slidesPerView&quot;:2,&quot;spaceBetween&quot;:0,&quot;pagination&quot;:{&quot;el&quot;:&quot;.swiper-pagination&quot;,&quot;type&quot;:&quot;bullets&quot;,&quot;clickable&quot;:true},&quot;breakpoints&quot;:{&quot;500&quot;:{&quot;slidesPerView&quot;:3},&quot;650&quot;:{&quot;slidesPerView&quot;:3},&quot;900&quot;:{&quot;slidesPerView&quot;:5},&quot;1100&quot;:{&quot;slidesPerView&quot;:6}},&quot;navigation&quot;:{&quot;prevEl&quot;:&quot;#prev-brands&quot;,&quot;nextEl&quot;:&quot;#next-brands&quot;},&quot;loop&quot;:&quot;true&quot;,&quot;speed&quot;:500}\" class=\"swiper sn-elementor-main-swiper\">\n\t\t\t\t\t<div class=\"swiper-wrapper pt-2\">\n\t\t\t\t\t\t\t                                    \n\t\t\t\t\t\t\t<div class=\"swiper-slide h-auto d-flex\">\n\t\t\t\t\t\t<a class=\"card card-body card-hover  shadow-sm p-2 mx-2 shadow-none\" href=\"https:\/\/minhphu.com\/ja\/thuong-hieu\/mpbio\/\">\n\t\t\t\t\t\t\t\t\t\t\t<img decoding=\"async\" class=\"d-block mx-auto\" src=\"https:\/\/minhphu.com\/wp-content\/uploads\/2024\/06\/MPBio-1.png\" width=\"\" alt=\"MPBio (1)\">\n\t\t\t\t\t\t\t\t\t\t\t\n\t\t\t\t<\/a>\n\t\t\t\t\t\t\t<\/div>\n\t\t\t\t\t\t\t                                    \n\t\t\t\t\t\t\t<div class=\"swiper-slide h-auto d-flex\">\n\t\t\t\t\t\t<a class=\"card card-body card-hover  shadow-sm p-2 mx-2 shadow-none\" href=\"https:\/\/minhphu.com\/ja\/thuong-hieu\/umami\/\">\n\t\t\t\t\t\t\t\t\t\t\t<img decoding=\"async\" class=\"d-block mx-auto\" src=\"https:\/\/minhphu.com\/wp-content\/uploads\/2024\/07\/Umami.png\" width=\"\" alt=\"umami\">\n\t\t\t\t\t\t\t\t\t\t\t\n\t\t\t\t<\/a>\n\t\t\t\t\t\t\t<\/div>\n\t\t\t\t\t\t\t                                    \n\t\t\t\t\t\t\t<div class=\"swiper-slide h-auto d-flex\">\n\t\t\t\t\t\t<a class=\"card card-body card-hover  shadow-sm p-2 mx-2 shadow-none\" href=\"https:\/\/minhphu.com\/ja\/thuong-hieu\/ikejime\/\">\n\t\t\t\t\t\t\t\t\t\t\t<img decoding=\"async\" class=\"d-block mx-auto\" src=\"https:\/\/minhphu.com\/wp-content\/uploads\/2024\/07\/ikejme.png\" width=\"\" alt=\"ikejime\">\n\t\t\t\t\t\t\t\t\t\t\t\n\t\t\t\t<\/a>\n\t\t\t\t\t\t\t<\/div>\n\t\t\t\t\t\t\t                                    \n\t\t\t\t\t\t\t<div class=\"swiper-slide h-auto d-flex\">\n\t\t\t\t\t\t<a class=\"card card-body card-hover  shadow-sm p-2 mx-2 shadow-none\" href=\"https:\/\/minhphu.com\/ja\/thuong-hieu\/sweetsea-jewels\/\">\n\t\t\t\t\t\t\t\t\t\t\t<img decoding=\"async\" class=\"d-block mx-auto\" src=\"https:\/\/minhphu.com\/wp-content\/uploads\/2024\/07\/SweetSea.png\" width=\"\" alt=\"sweetsea-jewels\">\n\t\t\t\t\t\t\t\t\t\t\t\n\t\t\t\t<\/a>\n\t\t\t\t\t\t\t<\/div>\n\t\t\t\t\t\t\t                                    \n\t\t\t\t\t\t\t<div class=\"swiper-slide h-auto d-flex\">\n\t\t\t\t\t\t<a class=\"card card-body card-hover  shadow-sm p-2 mx-2 shadow-none\" href=\"https:\/\/minhphu.com\/ja\/thuong-hieu\/shrimp\/\">\n\t\t\t\t\t\t\t\t\t\t\t<img decoding=\"async\" class=\"d-block mx-auto\" src=\"https:\/\/minhphu.com\/wp-content\/uploads\/2024\/07\/Shrimp.png\" width=\"\" alt=\"shrimp\">\n\t\t\t\t\t\t\t\t\t\t\t\n\t\t\t\t<\/a>\n\t\t\t\t\t\t\t<\/div>\n\t\t\t\t\t\t\t                                    \n\t\t\t\t\t\t\t<div class=\"swiper-slide h-auto d-flex\">\n\t\t\t\t\t\t<a class=\"card card-body card-hover  shadow-sm p-2 mx-2 shadow-none\" href=\"https:\/\/minhphu.com\/ja\/thuong-hieu\/rubyrich\/\">\n\t\t\t\t\t\t\t\t\t\t\t<img decoding=\"async\" class=\"d-block mx-auto\" src=\"https:\/\/minhphu.com\/wp-content\/uploads\/2024\/06\/Ruby-Rick-1.png\" width=\"\" alt=\"Ruby-Rick (1)\">\n\t\t\t\t\t\t\t\t\t\t\t\n\t\t\t\t<\/a>\n\t\t\t\t\t\t\t<\/div>\n\t\t\t\t\t\t\t\t\t\t<\/div>\n\t\t\t\t\t<div class=\"swiper-pagination position-relative pt-1 pt-sm-3 mt-3\"><\/div>        \n\t\t\t\t\t\t\t\t<\/div>        \n\t\t\t\t \n\t\t  \t\t  \n\t\t\t\t<\/div>\n\t\t\t\t<\/div>\n\t\t\t\t<div class=\"elementor-element elementor-element-32e2649 elementor-widget__width-auto elementor-absolute elementor-widget elementor-widget-button\" data-id=\"32e2649\" data-element_type=\"widget\" id=\"button123\" data-settings=\"{&quot;_position&quot;:&quot;absolute&quot;}\" data-widget_type=\"button.button-minhphu\">\n\t\t\t\t<div class=\"elementor-widget-container\">\n\t\t\t\t\t<a id=\"next-brands\" class=\"minhphu-button btn btn-link rounded-pill p-0\" role=\"button\">\n\t\t\t<span class=\"elementor-button-content-wrapper\">\n\t\t\t\t\t\t<span class=\"elementor-button-icon lh-1 elementor-align-icon-left order-first\">\n\t\t\t\t\t<i aria-hidden=\"true\" class=\"sn-button-icon  bx  bx-chevron-right\"><\/i>\t\t\t\t<\/span>\n\t\t\t\t\t\t\t\t\t\t<span class=\"elementor-button-text minhphu-button-text order-last\">1<\/span>\n\t\t\t\t\t\t<\/span>\n\t\t\t\t<\/a>\n\t\t\t\t<\/div>\n\t\t\t\t<\/div>\n\t\t\t\t\t<\/div>\n\t\t<\/div>\n\t\t\t\t\t<\/div>\n\t\t<\/section>\n\t\t\t\t<section class=\"elementor-section elementor-top-section elementor-element elementor-element-b80cf53 elementor-section-boxed elementor-section-height-default elementor-section-height-default\" data-id=\"b80cf53\" data-element_type=\"section\">\n\t\t\t\t\t\t<div class=\"elementor-container elementor-column-gap-default\">\n\t\t\t\t\t<div class=\"elementor-column elementor-col-100 elementor-top-column elementor-element elementor-element-3e4fe98\" data-id=\"3e4fe98\" data-element_type=\"column\">\n\t\t\t<div class=\"elementor-widget-wrap\">\n\t\t\t\t\t\t\t<\/div>\n\t\t<\/div>\n\t\t\t\t\t<\/div>\n\t\t<\/section>\n\t\t\t\t<section class=\"elementor-section elementor-top-section elementor-element elementor-element-549786c elementor-section-boxed elementor-section-height-default elementor-section-height-default\" data-id=\"549786c\" data-element_type=\"section\">\n\t\t\t\t\t\t<div class=\"elementor-container elementor-column-gap-default\">\n\t\t\t\t\t<div class=\"elementor-column elementor-col-100 elementor-top-column elementor-element elementor-element-4d1fe5c\" data-id=\"4d1fe5c\" data-element_type=\"column\">\n\t\t\t<div class=\"elementor-widget-wrap\">\n\t\t\t\t\t\t\t<\/div>\n\t\t<\/div>\n\t\t\t\t\t<\/div>\n\t\t<\/section>\n\t\t\t\t<\/div>\n\t\t\t\t<\/div>\n\t\t\t\t<\/div>\n\t\t\t\t<\/div>\n\t\t\t\t\t<\/div>\n\t\t<\/div>\n\t\t\t\t\t<\/div>\n\t\t<\/section>\n\t\t\t\t<section class=\"elementor-section elementor-top-section elementor-element elementor-element-18f2a0b elementor-section-full_width bg-secondary elementor-section-height-default elementor-section-height-default\" data-id=\"18f2a0b\" data-element_type=\"section\">\n\t\t\t\t\t\t<div class=\"elementor-container elementor-column-gap-default container text-center\">\n\t\t\t\t\t<div class=\"elementor-column elementor-col-100 elementor-top-column elementor-element elementor-element-f87dcb0\" data-id=\"f87dcb0\" data-element_type=\"column\">\n\t\t\t<div class=\"p-0 elementor-widget-wrap elementor-element-populated\">\n\t\t\t\t\t\t<div class=\"elementor-section elementor-inner-section elementor-element elementor-element-b4828aa elementor-section-full_width elementor-section-height-default elementor-section-height-default\" data-id=\"b4828aa\" data-element_type=\"section\">\n\t\t\t\t\t\t<div class=\"elementor-container elementor-column-gap-default row-margin row justify-content-center text-center pb-3 mb-sm-2 mb-lg-3\">\n\t\t\t\t\t<div class=\"elementor-column elementor-col-50 elementor-inner-column elementor-element elementor-element-fbb6896 col-12 col-md-7\" data-id=\"fbb6896\" data-element_type=\"column\">\n\t\t\t<div class=\"elementor-widget-wrap elementor-element-populated\">\n\t\t\t\t\t\t<div class=\"elementor-element elementor-element-5e6c122 pb-0 mb-0 elementor-widget elementor-widget-highlighted-heading\" data-id=\"5e6c122\" data-element_type=\"widget\" data-widget_type=\"highlighted-heading.default\">\n\t\t\t\t<div class=\"elementor-widget-container\">\n\t\t\t<h2 class=\"minhphu-elementor-highlighted-heading__title mb-0 fw-normal lead\"><span class=\"si-multipurpose-text__before\">\u5546\u54c1\u30d6\u30e9\u30f3\u30c9<\/span><\/h2>\t\t<\/div>\n\t\t\t\t<\/div>\n\t\t\t\t<div class=\"elementor-element elementor-element-efb0be9 pb-0 mb-0 elementor-widget elementor-widget-highlighted-heading\" data-id=\"efb0be9\" data-element_type=\"widget\" data-widget_type=\"highlighted-heading.default\">\n\t\t\t\t<div class=\"elementor-widget-container\">\n\t\t\t<h2 class=\"minhphu-elementor-highlighted-heading__title mb-0 fw-medium display-6\"><span class=\"si-multipurpose-text__before\">UMAMI<\/span><\/h2>\t\t<\/div>\n\t\t\t\t<\/div>\n\t\t\t\t\t<\/div>\n\t\t<\/div>\n\t\t\t\t<div class=\"elementor-column elementor-col-50 elementor-inner-column elementor-element elementor-element-a65cba2 col-12 col-md-5\" data-id=\"a65cba2\" data-element_type=\"column\">\n\t\t\t<div class=\"elementor-widget-wrap\">\n\t\t\t\t\t\t\t<\/div>\n\t\t<\/div>\n\t\t\t\t\t<\/div>\n\t\t<\/div>\n\t\t\t\t<div class=\"elementor-section elementor-inner-section elementor-element elementor-element-e425175 elementor-section-content-middle elementor-section-full_width elementor-section-height-default elementor-section-height-default\" data-id=\"e425175\" data-element_type=\"section\">\n\t\t\t\t\t\t<div class=\"elementor-container elementor-column-gap-default\">\n\t\t\t\t\t<div class=\"elementor-column elementor-col-50 elementor-inner-column elementor-element elementor-element-9d460bb col-12 col-lg-4 rounded overflow-hidden\" data-id=\"9d460bb\" data-element_type=\"column\" data-settings=\"{&quot;background_background&quot;:&quot;classic&quot;}\">\n\t\t\t<div class=\"elementor-widget-wrap elementor-element-populated\">\n\t\t\t\t\t\t<div class=\"elementor-element elementor-element-e6f80d3 p-2 elementor-widget elementor-widget-text-editor\" data-id=\"e6f80d3\" data-element_type=\"widget\" data-widget_type=\"text-editor.default\">\n\t\t\t\t<div class=\"elementor-widget-container\">\n\t\t\t<style>\/*! elementor - v3.23.0 - 05-08-2024 *\/\n.elementor-widget-text-editor.elementor-drop-cap-view-stacked .elementor-drop-cap{background-color:#69727d;color:#fff}.elementor-widget-text-editor.elementor-drop-cap-view-framed .elementor-drop-cap{color:#69727d;border:3px solid;background-color:transparent}.elementor-widget-text-editor:not(.elementor-drop-cap-view-default) .elementor-drop-cap{margin-top:8px}.elementor-widget-text-editor:not(.elementor-drop-cap-view-default) .elementor-drop-cap-letter{width:1em;height:1em}.elementor-widget-text-editor .elementor-drop-cap{float:left;text-align:center;line-height:1;font-size:50px}.elementor-widget-text-editor .elementor-drop-cap-letter{display:inline-block}<\/style>\t\t\t\t<h4 style=\"color: #cfcfcf; text-align: left;\">Ch\u00e0o m\u1eebng b\u1ea1n \u0111\u1ebfn v\u1edbi UMAMI,<\/h4><p style=\"text-align: left;\">N\u01a1i thi\u00ean nhi\u00ean v\u00e0 \u1ea9m th\u1ef1c h\u00f2a quy\u1ec7n. Nh\u1eefng con t\u00f4m \u0111\u01b0\u1ee3c ch\u00fang t\u00f4i nu\u00f4i b\u1eb1ng k\u1ef9 thu\u1eadt ti\u00ean ti\u1ebfn v\u00e0 b\u1ec1n v\u1eefng nh\u1ea5t, gi\u00fap k\u00edch th\u00edch v\u1ecb gi\u00e1c v\u00e0 mang \u0111\u1ebfn h\u01b0\u01a1ng v\u1ecb UMAMI b\u00f9ng n\u1ed5.<\/p><p style=\"text-align: left;\">Minh Ph\u00fa cam k\u1ebft mang \u0111\u1ebfn nh\u1eefng h\u01b0\u01a1ng v\u1ecb tinh t\u00fay, tuy\u1ec7t h\u1ea3o m\u00e0 ch\u1ec9 c\u00f3 thi\u00ean nhi\u00ean m\u1edbi c\u00f3 th\u1ec3 t\u1ea1o ra.<\/p>\t\t\t\t\t\t<\/div>\n\t\t\t\t<\/div>\n\t\t\t\t\t<\/div>\n\t\t<\/div>\n\t\t\t\t<div class=\"elementor-column elementor-col-50 elementor-inner-column elementor-element elementor-element-a77889b col-12 col-lg-8 d-block\" data-id=\"a77889b\" data-element_type=\"column\" data-settings=\"{&quot;background_background&quot;:&quot;classic&quot;}\" style=\"padding-left:12px;padding-right:12px;\">\n\t\t\t<div class=\"swiper-tabs mx-auto rounded overflow-hidden elementor-widget-wrap elementor-element-populated\">\n\t\t\t\t\t\t<div class=\"elementor-element elementor-element-c258310 elementor-widget elementor-widget-image\" data-id=\"c258310\" data-element_type=\"widget\" data-widget_type=\"image.default\">\n\t\t\t\t<div class=\"elementor-widget-container\">\n\t\t\t<style>\/*! elementor - v3.23.0 - 05-08-2024 *\/\n.elementor-widget-image{text-align:center}.elementor-widget-image a{display:inline-block}.elementor-widget-image a img[src$=\".svg\"]{width:48px}.elementor-widget-image img{vertical-align:middle;display:inline-block}<\/style>\t\t\t\t\t\t\t\t\t\t<img fetchpriority=\"high\" decoding=\"async\" width=\"980\" height=\"735\" src=\"https:\/\/minhphu.com\/wp-content\/uploads\/2024\/06\/19042474164-1024x768.jpg\" class=\"w-full rounded  attachment-large size-large wp-image-10524\" alt=\"\" srcset=\"https:\/\/minhphu.com\/wp-content\/uploads\/2024\/06\/19042474164-1024x768.jpg 1024w, https:\/\/minhphu.com\/wp-content\/uploads\/2024\/06\/19042474164-300x225.jpg 300w, https:\/\/minhphu.com\/wp-content\/uploads\/2024\/06\/19042474164-768x576.jpg 768w, https:\/\/minhphu.com\/wp-content\/uploads\/2024\/06\/19042474164-1536x1152.jpg 1536w, https:\/\/minhphu.com\/wp-content\/uploads\/2024\/06\/19042474164-16x12.jpg 16w, https:\/\/minhphu.com\/wp-content\/uploads\/2024\/06\/19042474164-600x450.jpg 600w, https:\/\/minhphu.com\/wp-content\/uploads\/2024\/06\/19042474164.jpg 1656w\" sizes=\"(max-width: 980px) 100vw, 980px\" \/>\t\t\t\t\t\t\t\t\t\t\t\t\t<\/div>\n\t\t\t\t<\/div>\n\t\t\t\t\t<\/div>\n\t\t<\/div>\n\t\t\t\t\t<\/div>\n\t\t<\/div>\n\t\t\t\t\t<\/div>\n\t\t<\/div>\n\t\t\t\t\t<\/div>\n\t\t<\/section>\n\t\t\t\t<section class=\"elementor-section elementor-top-section elementor-element elementor-element-89da52a elementor-section-full_width bg-secondary elementor-section-height-default elementor-section-height-default\" data-id=\"89da52a\" data-element_type=\"section\">\n\t\t\t\t\t\t<div class=\"elementor-container elementor-column-gap-default\">\n\t\t\t\t\t<div class=\"elementor-column elementor-col-100 elementor-top-column elementor-element elementor-element-6e8a0bf container px-0\" data-id=\"6e8a0bf\" data-element_type=\"column\">\n\t\t\t<div class=\"p-0 elementor-widget-wrap elementor-element-populated\">\n\t\t\t\t\t\t<div class=\"elementor-element elementor-element-e7afbe0 p-0 m-0 elementor-widget elementor-widget-video\" data-id=\"e7afbe0\" data-element_type=\"widget\" data-settings=\"{&quot;youtube_url&quot;:&quot;https:\\\/\\\/youtu.be\\\/yhEA5BGV-vg&quot;,&quot;autoplay&quot;:&quot;yes&quot;,&quot;mute&quot;:&quot;yes&quot;,&quot;loop&quot;:&quot;yes&quot;,&quot;lazy_load&quot;:&quot;yes&quot;,&quot;yt_privacy&quot;:&quot;yes&quot;,&quot;video_type&quot;:&quot;youtube&quot;,&quot;controls&quot;:&quot;yes&quot;}\" data-widget_type=\"video.default\">\n\t\t\t\t<div class=\"elementor-widget-container\">\n\t\t\t<style>\/*! elementor - v3.23.0 - 05-08-2024 *\/\n.elementor-widget-video .elementor-widget-container{overflow:hidden;transform:translateZ(0)}.elementor-widget-video .elementor-wrapper{aspect-ratio:var(--video-aspect-ratio)}.elementor-widget-video .elementor-wrapper iframe,.elementor-widget-video .elementor-wrapper video{height:100%;width:100%;display:flex;border:none;background-color:#000}@supports not (aspect-ratio:1\/1){.elementor-widget-video .elementor-wrapper{position:relative;overflow:hidden;height:0;padding-bottom:calc(100% \/ var(--video-aspect-ratio))}.elementor-widget-video .elementor-wrapper iframe,.elementor-widget-video .elementor-wrapper video{position:absolute;top:0;right:0;bottom:0;left:0}}.elementor-widget-video .elementor-open-inline .elementor-custom-embed-image-overlay{position:absolute;top:0;right:0;bottom:0;left:0;background-size:cover;background-position:50%}.elementor-widget-video .elementor-custom-embed-image-overlay{cursor:pointer;text-align:center}.elementor-widget-video .elementor-custom-embed-image-overlay:hover .elementor-custom-embed-play i{opacity:1}.elementor-widget-video .elementor-custom-embed-image-overlay img{display:block;width:100%;aspect-ratio:var(--video-aspect-ratio);-o-object-fit:cover;object-fit:cover;-o-object-position:center center;object-position:center center}@supports not (aspect-ratio:1\/1){.elementor-widget-video .elementor-custom-embed-image-overlay{position:relative;overflow:hidden;height:0;padding-bottom:calc(100% \/ var(--video-aspect-ratio))}.elementor-widget-video .elementor-custom-embed-image-overlay img{position:absolute;top:0;right:0;bottom:0;left:0}}.elementor-widget-video .e-hosted-video .elementor-video{-o-object-fit:cover;object-fit:cover}.e-con-inner>.elementor-widget-video,.e-con>.elementor-widget-video{width:var(--container-widget-width);--flex-grow:var(--container-widget-flex-grow)}<\/style>\t\t<div class=\"elementor-wrapper elementor-open-inline\">\n\t\t\t<div class=\"elementor-video\"><\/div>\t\t<\/div>\n\t\t\t\t<\/div>\n\t\t\t\t<\/div>\n\t\t\t\t\t<\/div>\n\t\t<\/div>\n\t\t\t\t\t<\/div>\n\t\t<\/section>\n\t\t\t\t<\/div>","protected":false},"excerpt":{"rendered":"<p>Th\u01b0\u01a1ng hi\u1ec7u Th\u01b0\u01a1ng hi\u1ec7u UMAMI Ch\u00e0o m\u1eebng b\u1ea1n \u0111\u1ebfn v\u1edbi UMAMI, N\u01a1i thi\u00ean nhi\u00ean v\u00e0 \u1ea9m th\u1ef1c h\u00f2a quy\u1ec7n. Nh\u1eefng con t\u00f4m \u0111\u01b0\u1ee3c ch\u00fang t\u00f4i nu\u00f4i b\u1eb1ng k\u1ef9 thu\u1eadt ti\u00ean ti\u1ebfn v\u00e0 b\u1ec1n v\u1eefng nh\u1ea5t, gi\u00fap k\u00edch th\u00edch v\u1ecb gi\u00e1c v\u00e0 mang \u0111\u1ebfn h\u01b0\u01a1ng v\u1ecb UMAMI b\u00f9ng n\u1ed5. Minh Ph\u00fa cam k\u1ebft mang \u0111\u1ebfn nh\u1eefng h\u01b0\u01a1ng v\u1ecb tinh t\u00fay, tuy\u1ec7t h\u1ea3o m\u00e0 ch\u1ec9 c\u00f3 thi\u00ean nhi\u00ean m\u1edbi c\u00f3 th\u1ec3 t\u1ea1o ra. https:\/\/youtu.be\/yhEA5BGV-vg<\/p>","protected":false},"author":1,"featured_media":0,"parent":800,"menu_order":0,"comment_status":"closed","ping_status":"closed","template":"elementor_header_footer","meta":{"_acf_changed":false,"footnotes":""},"class_list":["post-13877","page","type-page","status-publish","hentry"],"acf":[],"_links":{"self":[{"href":"https:\/\/minhphu.com\/ja\/wp-json\/wp\/v2\/pages\/13877","targetHints":{"allow":["GET"]}}],"collection":[{"href":"https:\/\/minhphu.com\/ja\/wp-json\/wp\/v2\/pages"}],"about":[{"href":"https:\/\/minhphu.com\/ja\/wp-json\/wp\/v2\/types\/page"}],"author":[{"embeddable":true,"href":"https:\/\/minhphu.com\/ja\/wp-json\/wp\/v2\/users\/1"}],"replies":[{"embeddable":true,"href":"https:\/\/minhphu.com\/ja\/wp-json\/wp\/v2\/comments?post=13877"}],"version-history":[{"count":8,"href":"https:\/\/minhphu.com\/ja\/wp-json\/wp\/v2\/pages\/13877\/revisions"}],"predecessor-version":[{"id":13889,"href":"https:\/\/minhphu.com\/ja\/wp-json\/wp\/v2\/pages\/13877\/revisions\/13889"}],"up":[{"embeddable":true,"href":"https:\/\/minhphu.com\/ja\/wp-json\/wp\/v2\/pages\/800"}],"wp:attachment":[{"href":"https:\/\/minhphu.com\/ja\/wp-json\/wp\/v2\/media?parent=13877"}],"curies":[{"name":"wp","href":"https:\/\/api.w.org\/{rel}","templated":true}]}}