
{"id":7931,"date":"2024-06-06T04:22:32","date_gmt":"2024-06-06T04:22:32","guid":{"rendered":"https:\/\/minhphu.com\/?page_id=7931"},"modified":"2025-10-21T02:31:36","modified_gmt":"2025-10-21T02:31:36","slug":"tuyen-dung","status":"publish","type":"page","link":"https:\/\/minhphu.com\/en\/tuyen-dung\/","title":{"rendered":"CAREER"},"content":{"rendered":"<h2>\u00a0<\/h2>\n<main id=\"main\" role=\"main\" class=\"site-main col-xl-9 col-lg-8 order-first\"> <style>\n\n\/* ===== Career Masonry Layout (centered main block) ===== *\/\nmain#main.site-main {\n  max-width: 1140px;       \/* Gi\u1edbi h\u1ea1n chi\u1ec1u r\u1ed9ng n\u1ed9i dung *\/\n  margin-left: auto;       \/* C\u0103n gi\u1eefa ngang *\/\n  margin-right: auto;      \/* C\u0103n gi\u1eefa ngang *\/\n  padding: 24px 15px 48px; \/* Kho\u1ea3ng c\u00e1ch l\u1ec1 trong *\/\n  display: block;          \/* \u0110\u1ea3m b\u1ea3o l\u00e0 kh\u1ed1i block *\/\n}\n\n\/* Bo g\u00f3c nh\u1eb9, \u1ea3nh nh\u1ecf v\u1eeba *\/\nmain#main .card img,\nmain#main .card .wp-post-image {\n  border-radius: 10px;\n  object-fit: cover;\n}\n\n\/* Gi\u1ea3m kho\u1ea3ng c\u00e1ch d\u1ecdc gi\u1eefa c\u00e1c item *\/\nmain#main .masonry-grid .card {\n  margin-bottom: 1.5rem;\n}\n\n\/* Gi\u1edbi h\u1ea1n chi\u1ec1u cao m\u00f4 t\u1ea3 v\u00e0 c\u00e2n \u0111\u1ed1i v\u0103n b\u1ea3n *\/\nmain#main .card-body p {\n  font-size: 0.92rem;\n  line-height: 1.5;\n  margin-bottom: 0.25rem;\n  color: #4b5563;\n}\n\n\/* C\u0103n \u0111\u1ec1u badge v\u00e0 meta *\/\nmain#main .badge {\n  font-size: 0.75rem;\n  padding: 3px 7px;\n}\n\n\/* C\u0103n gi\u1eefa kh\u1ed1i ph\u00e2n trang *\/\nmain#main nav[aria-label=\"Page Navigation\"] {\n  display: flex;\n  justify-content: center;\n  margin-top: 24px;\n}\n<\/style><div class=\"pe-xl-5\"><div class=\"masonry-grid row row-cols-1 g-4 row-cols-sm-2 shuffle\">\n\t\t\t<div class=\"masonry-grid-item col pb-2 pb-lg-3\">\n\t\t\t\t<article class=\"card position-relative border-0 bg-transparent\">\n\t\t\t\t\t<div class=\"overflow-hidden position-relative rounded-3\">\n\t\t\t\t\t\t<a href=\"https:\/\/minhphu.com\/en\/tuyen-dung\/chuyen-vien-chung-tu-xuat-nhap-khau-so-luong-02\/\">\n\t\t\t\t\t\t\t<img decoding=\"async\" src=\"https:\/\/minhphu.com\/wp-content\/themes\/minhphu\/assets\/images\/placeholder.jpg\" alt=\"Chuy\u00ean Vi\u00ean Ch\u1ee9ng T\u1eeb Xu\u1ea5t Nh\u1eadp Kh\u1ea9u (S\u1ed1 l\u01b0\u1ee3ng: 02)\" class=\"img-fluid rounded-3\">\t\t\t\t\t\t<\/a>\n\t\t\t\t\t<\/div>\n\n\t\t\t\t\t<div class=\"card-body mb-0-last-child pb-1 px-0\">\n\t\t\t\t\t\t<div class=\"mb-1\"><\/div>\n\t\t\t\t\t\t<h3 class=\"h4 entry-title\">\n\t\t\t\t\t\t\t<a href=\"https:\/\/minhphu.com\/en\/tuyen-dung\/chuyen-vien-chung-tu-xuat-nhap-khau-so-luong-02\/\" class=\"stretched-link\" rel=\"bookmark\">\n\t\t\t\t\t\t\t\tChuy\u00ean Vi\u00ean Ch\u1ee9ng T\u1eeb Xu\u1ea5t Nh\u1eadp Kh\u1ea9u (S\u1ed1 l\u01b0\u1ee3ng: 02)\t\t\t\t\t\t\t<\/a>\n\t\t\t\t\t\t<\/h3>\n\n\t\t\t\t\t\t\t\t\t\t\t\t\t<div class=\"mb-0-last-child\"><p>Gi\u1edbi thi\u1ec7u v\u1ec1 T\u1eadp \u0111o\u00e0n: T\u1eadp \u0111o\u00e0n Th\u1ee7y s\u1ea3n Minh Ph\u00fa l\u00e0 doanh nghi\u1ec7p h\u00e0ng \u0111\u1ea7u Vi\u1ec7t Nam trong l\u0129nh v\u1ef1c nu\u00f4i tr\u1ed3ng, ch\u1ebf bi\u1ebfn\u2026<\/p><\/div>\n\t\t\t\t\t\t\n\t\t\t\t\t\t<div class=\"mt-4 d-flex align-items-center text-muted post__meta\">\n\t\t\t\t\t\t\t<div class=\"fs-sm border-end pe-3 me-3\">\n\t\t\t\t\t\t\t\t<a href=\"https:\/\/minhphu.com\/en\/tuyen-dung\/chuyen-vien-chung-tu-xuat-nhap-khau-so-luong-02\/\" class=\"text-decoration-none text-reset\">\n\t\t\t\t\t\t\t\t\t<time datetime=\"2025-10-31T10:11:46+00:00\">31\/10\/2025<\/time>\n\t\t\t\t\t\t\t\t<\/a>\n\t\t\t\t\t\t\t<\/div>\n\t\t\t\t\t\t\t<a href=\"https:\/\/minhphu.com\/en\/tuyen-dung\/chuyen-vien-chung-tu-xuat-nhap-khau-so-luong-02\/#respond\" class=\"d-flex align-items-center me-3 text-reset text-decoration-none\">\n\t\t\t\t\t\t\t\t<i class=\"bx bx-comment me-1\"><\/i>\n\t\t\t\t\t\t\t\t<span class=\"fs-sm\">0<\/span>\n\t\t\t\t\t\t\t<\/a>\n\t\t\t\t\t\t<\/div>\n\t\t\t\t\t<\/div>\n\t\t\t\t<\/article>\n\t\t\t<\/div>\n\t\t\t\n\t\t\t<div class=\"masonry-grid-item col pb-2 pb-lg-3\">\n\t\t\t\t<article class=\"card position-relative border-0 bg-transparent\">\n\t\t\t\t\t<div class=\"overflow-hidden position-relative rounded-3\">\n\t\t\t\t\t\t<a href=\"https:\/\/minhphu.com\/en\/tuyen-dung\/chuyen-vien-ban-hang-thi-truong-trung-quoc-so-luong-1-2\/\">\n\t\t\t\t\t\t\t<img decoding=\"async\" src=\"https:\/\/minhphu.com\/wp-content\/themes\/minhphu\/assets\/images\/placeholder.jpg\" alt=\"Chuy\u00ean vi\u00ean B\u00e1n h\u00e0ng \u2013 Th\u1ecb tr\u01b0\u1eddng Trung Qu\u1ed1c (S\u1ed1 l\u01b0\u1ee3ng: 1\u20132)\" class=\"img-fluid rounded-3\">\t\t\t\t\t\t<\/a>\n\t\t\t\t\t<\/div>\n\n\t\t\t\t\t<div class=\"card-body mb-0-last-child pb-1 px-0\">\n\t\t\t\t\t\t<div class=\"mb-1\"><\/div>\n\t\t\t\t\t\t<h3 class=\"h4 entry-title\">\n\t\t\t\t\t\t\t<a href=\"https:\/\/minhphu.com\/en\/tuyen-dung\/chuyen-vien-ban-hang-thi-truong-trung-quoc-so-luong-1-2\/\" class=\"stretched-link\" rel=\"bookmark\">\n\t\t\t\t\t\t\t\tChuy\u00ean vi\u00ean B\u00e1n h\u00e0ng \u2013 Th\u1ecb tr\u01b0\u1eddng Trung Qu\u1ed1c (S\u1ed1 l\u01b0\u1ee3ng: 1\u20132)\t\t\t\t\t\t\t<\/a>\n\t\t\t\t\t\t<\/h3>\n\n\t\t\t\t\t\t\t\t\t\t\t\t\t<div class=\"mb-0-last-child\"><p>\u0110\u1ecba \u0111i\u1ec3m l\u00e0m vi\u1ec7c: V\u0103n ph\u00f2ng TP.HCM \u2013 21 L\u00ea Qu\u00fd \u0110\u00f4n, Ph\u01b0\u1eddng Xu\u00e2n H\u00f2a, TP HCMThu nh\u1eadp: T\u1eeb 15.000.000 VND+\/th\u00e1ng (t\u00f9y n\u0103ng l\u1ef1c\/kinh nghi\u1ec7m)\u2026<\/p><\/div>\n\t\t\t\t\t\t\n\t\t\t\t\t\t<div class=\"mt-4 d-flex align-items-center text-muted post__meta\">\n\t\t\t\t\t\t\t<div class=\"fs-sm border-end pe-3 me-3\">\n\t\t\t\t\t\t\t\t<a href=\"https:\/\/minhphu.com\/en\/tuyen-dung\/chuyen-vien-ban-hang-thi-truong-trung-quoc-so-luong-1-2\/\" class=\"text-decoration-none text-reset\">\n\t\t\t\t\t\t\t\t\t<time datetime=\"2025-10-21T06:48:27+00:00\">21\/10\/2025<\/time>\n\t\t\t\t\t\t\t\t<\/a>\n\t\t\t\t\t\t\t<\/div>\n\t\t\t\t\t\t\t<a href=\"https:\/\/minhphu.com\/en\/tuyen-dung\/chuyen-vien-ban-hang-thi-truong-trung-quoc-so-luong-1-2\/#respond\" class=\"d-flex align-items-center me-3 text-reset text-decoration-none\">\n\t\t\t\t\t\t\t\t<i class=\"bx bx-comment me-1\"><\/i>\n\t\t\t\t\t\t\t\t<span class=\"fs-sm\">0<\/span>\n\t\t\t\t\t\t\t<\/a>\n\t\t\t\t\t\t<\/div>\n\t\t\t\t\t<\/div>\n\t\t\t\t<\/article>\n\t\t\t<\/div>\n\t\t\t<\/div><\/div><\/main>\n\n\n<p><\/p>","protected":false},"excerpt":{"rendered":"<p>\u00a0<\/p>","protected":false},"author":1,"featured_media":0,"parent":0,"menu_order":0,"comment_status":"closed","ping_status":"closed","template":"elementor_header_footer","meta":{"_acf_changed":false,"footnotes":""},"class_list":["post-7931","page","type-page","status-publish","hentry"],"acf":[],"_links":{"self":[{"href":"https:\/\/minhphu.com\/en\/wp-json\/wp\/v2\/pages\/7931","targetHints":{"allow":["GET"]}}],"collection":[{"href":"https:\/\/minhphu.com\/en\/wp-json\/wp\/v2\/pages"}],"about":[{"href":"https:\/\/minhphu.com\/en\/wp-json\/wp\/v2\/types\/page"}],"author":[{"embeddable":true,"href":"https:\/\/minhphu.com\/en\/wp-json\/wp\/v2\/users\/1"}],"replies":[{"embeddable":true,"href":"https:\/\/minhphu.com\/en\/wp-json\/wp\/v2\/comments?post=7931"}],"version-history":[{"count":7,"href":"https:\/\/minhphu.com\/en\/wp-json\/wp\/v2\/pages\/7931\/revisions"}],"predecessor-version":[{"id":14146,"href":"https:\/\/minhphu.com\/en\/wp-json\/wp\/v2\/pages\/7931\/revisions\/14146"}],"wp:attachment":[{"href":"https:\/\/minhphu.com\/en\/wp-json\/wp\/v2\/media?parent=7931"}],"curies":[{"name":"wp","href":"https:\/\/api.w.org\/{rel}","templated":true}]}}